{"id":241,"date":"2021-08-24T10:45:11","date_gmt":"2021-08-24T10:45:11","guid":{"rendered":"http:\/\/designingmedia.com\/wordpress\/advisom\/layout-01\/?page_id=241"},"modified":"2021-11-12T11:34:03","modified_gmt":"2021-11-12T11:34:03","slug":"blog","status":"publish","type":"page","link":"https:\/\/somatto.org.br\/?page_id=241","title":{"rendered":"Blog"},"content":{"rendered":"\t\t<div data-elementor-type=\"wp-page\" data-elementor-id=\"241\" class=\"elementor elementor-241\">\n\t\t\t\t\t\t<section class=\"elementor-section elementor-top-section elementor-element elementor-element-f5ce18d elementor-section-stretched elementor-section-boxed elementor-section-height-default elementor-section-height-default\" data-id=\"f5ce18d\" data-element_type=\"section\" data-e-type=\"section\" data-settings=\"{&quot;stretch_section&quot;:&quot;section-stretched&quot;,&quot;background_background&quot;:&quot;classic&quot;}\">\n\t\t\t\t\t\t\t<div class=\"elementor-background-overlay\"><\/div>\n\t\t\t\t\t\t\t<div class=\"elementor-container elementor-column-gap-default\">\n\t\t\t\t\t<div class=\"elementor-column elementor-col-66 elementor-top-column elementor-element elementor-element-4fd5e11\" data-id=\"4fd5e11\" data-element_type=\"column\" data-e-type=\"column\">\n\t\t\t<div class=\"elementor-widget-wrap elementor-element-populated\">\n\t\t\t\t\t\t<div class=\"elementor-element elementor-element-bca189d elementor-grid-2 elementor-grid-tablet-2 elementor-grid-mobile-1 elementor-posts--thumbnail-top elementor-card-shadow-yes elementor-posts__hover-gradient elementor-widget elementor-widget-posts\" data-id=\"bca189d\" data-element_type=\"widget\" data-e-type=\"widget\" data-settings=\"{&quot;cards_columns&quot;:&quot;2&quot;,&quot;pagination_type&quot;:&quot;prev_next&quot;,&quot;cards_columns_tablet&quot;:&quot;2&quot;,&quot;cards_columns_mobile&quot;:&quot;1&quot;,&quot;cards_row_gap&quot;:{&quot;unit&quot;:&quot;px&quot;,&quot;size&quot;:35,&quot;sizes&quot;:[]},&quot;cards_row_gap_tablet&quot;:{&quot;unit&quot;:&quot;px&quot;,&quot;size&quot;:&quot;&quot;,&quot;sizes&quot;:[]},&quot;cards_row_gap_mobile&quot;:{&quot;unit&quot;:&quot;px&quot;,&quot;size&quot;:&quot;&quot;,&quot;sizes&quot;:[]}}\" data-widget_type=\"posts.cards\">\n\t\t\t\t<div class=\"elementor-widget-container\">\n\t\t\t\t\t\t\t<div class=\"elementor-posts-container elementor-posts elementor-posts--skin-cards elementor-grid\">\n\t\t\t\t<article class=\"elementor-post elementor-grid-item post-6868 post type-post status-publish format-standard has-post-thumbnail hentry category-protecao-veicular tag-associacao tag-automobolismo tag-carroseletricos tag-cooperativa tag-seguroveicular tag-somatto tag-somattorj\">\n\t\t\t<div class=\"elementor-post__card\">\n\t\t\t\t<a class=\"elementor-post__thumbnail__link\" href=\"https:\/\/somatto.org.br\/?p=6868\" ><div class=\"elementor-post__thumbnail\"><img fetchpriority=\"high\" decoding=\"async\" width=\"300\" height=\"200\" src=\"https:\/\/somatto.org.br\/wp-content\/uploads\/2022\/08\/como-os-carros-eletricos-vao-nos-beneficiar-no-futuro.webp\" class=\"attachment-medium size-medium wp-image-6869\" alt=\"\" \/><\/div><\/a>\n\t\t\t\t<div class=\"elementor-post__badge\">Prote\u00e7\u00e3o veicular<\/div>\n\t\t\t\t<div class=\"elementor-post__text\">\n\t\t\t\t<h3 class=\"elementor-post__title\">\n\t\t\t<a href=\"https:\/\/somatto.org.br\/?p=6868\" >\n\t\t\t\tComo os carros el\u00e9tricos v\u00e3o nos beneficiar no futuro\t\t\t<\/a>\n\t\t<\/h3>\n\t\t\t\t<div class=\"elementor-post__excerpt\">\n\t\t\t<p>Sabemos que o futuro do automobilismo \u00e9<\/p>\n\t\t<\/div>\n\t\t\t\t\t<a class=\"elementor-post__read-more\" href=\"https:\/\/somatto.org.br\/?p=6868\" >\n\t\t\t\tLeia mais \u00bb\t\t\t<\/a>\n\t\t\t\t<\/div>\n\t\t\t\t<div class=\"elementor-post__meta-data\">\n\t\t\t\t\t<span class=\"elementor-post-date\">\n\t\t\t10 de agosto de 2022\t\t<\/span>\n\t\t\t\t<span class=\"elementor-post-avatar\">\n\t\t\tNenhum coment\u00e1rio\t\t<\/span>\n\t\t\t\t<\/div>\n\t\t\t\t\t<\/div>\n\t\t<\/article>\n\t\t\t\t<article class=\"elementor-post elementor-grid-item post-6865 post type-post status-publish format-standard has-post-thumbnail hentry category-protecao-veicular tag-associacao tag-associacaodeprotecaoveicular tag-cooperativa tag-dicas tag-seguroveicular tag-somatto tag-somattorj\">\n\t\t\t<div class=\"elementor-post__card\">\n\t\t\t\t<a class=\"elementor-post__thumbnail__link\" href=\"https:\/\/somatto.org.br\/?p=6865\" ><div class=\"elementor-post__thumbnail\"><img decoding=\"async\" width=\"300\" height=\"169\" src=\"https:\/\/somatto.org.br\/wp-content\/uploads\/2022\/08\/dicas-para-ser-um-bom-motorista.webp\" class=\"attachment-medium size-medium wp-image-6866\" alt=\"\" \/><\/div><\/a>\n\t\t\t\t<div class=\"elementor-post__badge\">Prote\u00e7\u00e3o veicular<\/div>\n\t\t\t\t<div class=\"elementor-post__text\">\n\t\t\t\t<h3 class=\"elementor-post__title\">\n\t\t\t<a href=\"https:\/\/somatto.org.br\/?p=6865\" >\n\t\t\t\tDicas para ser um bom motorista\t\t\t<\/a>\n\t\t<\/h3>\n\t\t\t\t<div class=\"elementor-post__excerpt\">\n\t\t\t<p>Quem dirige precisa de seguran\u00e7a. Leia este<\/p>\n\t\t<\/div>\n\t\t\t\t\t<a class=\"elementor-post__read-more\" href=\"https:\/\/somatto.org.br\/?p=6865\" >\n\t\t\t\tLeia mais \u00bb\t\t\t<\/a>\n\t\t\t\t<\/div>\n\t\t\t\t<div class=\"elementor-post__meta-data\">\n\t\t\t\t\t<span class=\"elementor-post-date\">\n\t\t\t10 de agosto de 2022\t\t<\/span>\n\t\t\t\t<span class=\"elementor-post-avatar\">\n\t\t\tNenhum coment\u00e1rio\t\t<\/span>\n\t\t\t\t<\/div>\n\t\t\t\t\t<\/div>\n\t\t<\/article>\n\t\t\t\t<article class=\"elementor-post elementor-grid-item post-6859 post type-post status-publish format-standard has-post-thumbnail hentry category-protecao-veicular tag-carro tag-dicasparamotoristas tag-primeirocarro tag-protecaoveicular tag-somatto tag-somattoprotecaoveicular tag-somattorj\">\n\t\t\t<div class=\"elementor-post__card\">\n\t\t\t\t<a class=\"elementor-post__thumbnail__link\" href=\"https:\/\/somatto.org.br\/?p=6859\" ><div class=\"elementor-post__thumbnail\"><img decoding=\"async\" width=\"300\" height=\"200\" src=\"https:\/\/somatto.org.br\/wp-content\/uploads\/2022\/07\/Primeiro-carro-o-que-devo-saber-antes-de-comprar.webp\" class=\"attachment-medium size-medium wp-image-6860\" alt=\"\" \/><\/div><\/a>\n\t\t\t\t<div class=\"elementor-post__badge\">Prote\u00e7\u00e3o veicular<\/div>\n\t\t\t\t<div class=\"elementor-post__text\">\n\t\t\t\t<h3 class=\"elementor-post__title\">\n\t\t\t<a href=\"https:\/\/somatto.org.br\/?p=6859\" >\n\t\t\t\tPrimeiro carro: o que devo saber antes de comprar?\t\t\t<\/a>\n\t\t<\/h3>\n\t\t\t\t<div class=\"elementor-post__excerpt\">\n\t\t\t<p>&nbsp; T\u00e3o importante quanto fazer o planejamento<\/p>\n\t\t<\/div>\n\t\t\t\t\t<a class=\"elementor-post__read-more\" href=\"https:\/\/somatto.org.br\/?p=6859\" >\n\t\t\t\tLeia mais \u00bb\t\t\t<\/a>\n\t\t\t\t<\/div>\n\t\t\t\t<div class=\"elementor-post__meta-data\">\n\t\t\t\t\t<span class=\"elementor-post-date\">\n\t\t\t7 de julho de 2022\t\t<\/span>\n\t\t\t\t<span class=\"elementor-post-avatar\">\n\t\t\tNenhum coment\u00e1rio\t\t<\/span>\n\t\t\t\t<\/div>\n\t\t\t\t\t<\/div>\n\t\t<\/article>\n\t\t\t\t<article class=\"elementor-post elementor-grid-item post-6856 post type-post status-publish format-standard has-post-thumbnail hentry category-protecao-veicular tag-associacao tag-associacaodeprotecaoveicular tag-cooperativa tag-protecaoveicular tag-somatto tag-somattoprotecaoveicular tag-somattorj\">\n\t\t\t<div class=\"elementor-post__card\">\n\t\t\t\t<a class=\"elementor-post__thumbnail__link\" href=\"https:\/\/somatto.org.br\/?p=6856\" ><div class=\"elementor-post__thumbnail\"><img loading=\"lazy\" decoding=\"async\" width=\"300\" height=\"200\" src=\"https:\/\/somatto.org.br\/wp-content\/uploads\/2022\/07\/associacao-protecao-veicular.webp\" class=\"attachment-medium size-medium wp-image-6857\" alt=\"\" \/><\/div><\/a>\n\t\t\t\t<div class=\"elementor-post__badge\">Prote\u00e7\u00e3o veicular<\/div>\n\t\t\t\t<div class=\"elementor-post__text\">\n\t\t\t\t<h3 class=\"elementor-post__title\">\n\t\t\t<a href=\"https:\/\/somatto.org.br\/?p=6856\" >\n\t\t\t\tVale a pena investir em uma Associa\u00e7\u00e3o de Prote\u00e7\u00e3o Veicular\t\t\t<\/a>\n\t\t<\/h3>\n\t\t\t\t<div class=\"elementor-post__excerpt\">\n\t\t\t<p>&nbsp; Leia esse texto at\u00e9 o final<\/p>\n\t\t<\/div>\n\t\t\t\t\t<a class=\"elementor-post__read-more\" href=\"https:\/\/somatto.org.br\/?p=6856\" >\n\t\t\t\tLeia mais \u00bb\t\t\t<\/a>\n\t\t\t\t<\/div>\n\t\t\t\t<div class=\"elementor-post__meta-data\">\n\t\t\t\t\t<span class=\"elementor-post-date\">\n\t\t\t7 de julho de 2022\t\t<\/span>\n\t\t\t\t<span class=\"elementor-post-avatar\">\n\t\t\tNenhum coment\u00e1rio\t\t<\/span>\n\t\t\t\t<\/div>\n\t\t\t\t\t<\/div>\n\t\t<\/article>\n\t\t\t\t<\/div>\n\n\n\t\t\n\t\t\t\t<div class=\"e-load-more-anchor\" data-page=\"1\" data-max-page=\"4\" data-next-page=\"https:\/\/somatto.org.br\/index.php?rest_route=%2Fwp%2Fv2%2Fpages%2F241&#038;paged=2\"><\/div>\n\t\t\t\t<nav class=\"elementor-pagination\" role=\"navigation\" aria-label=\"Pagination\">\n\t\t\t<span class=\"page-numbers prev\">Anterior<\/span>\n<a class=\"page-numbers next\" href=\"https:\/\/somatto.org.br\/index.php?rest_route=%2Fwp%2Fv2%2Fpages%2F241&#038;paged=2\">Pr\u00f3ximo<\/a>\t\t<\/nav>\n\t\t\t\t\t\t<\/div>\n\t\t\t\t<\/div>\n\t\t\t\t\t<\/div>\n\t\t<\/div>\n\t\t\t\t<div class=\"elementor-column elementor-col-33 elementor-top-column elementor-element elementor-element-46a0239\" data-id=\"46a0239\" data-element_type=\"column\" data-e-type=\"column\">\n\t\t\t<div class=\"elementor-widget-wrap elementor-element-populated\">\n\t\t\t\t\t\t<div class=\"elementor-element elementor-element-3fc6c03 elementor-search-form--skin-classic elementor-search-form--button-type-icon elementor-search-form--icon-search elementor-widget elementor-widget-search-form\" data-id=\"3fc6c03\" data-element_type=\"widget\" data-e-type=\"widget\" data-settings=\"{&quot;skin&quot;:&quot;classic&quot;}\" data-widget_type=\"search-form.default\">\n\t\t\t\t<div class=\"elementor-widget-container\">\n\t\t\t\t\t\t\t<form class=\"elementor-search-form\" role=\"search\" action=\"https:\/\/somatto.org.br\" method=\"get\">\n\t\t\t\t\t\t\t\t\t<div class=\"elementor-search-form__container\">\n\t\t\t\t\t\t\t\t<input placeholder=\"Pesquisar\" class=\"elementor-search-form__input\" type=\"search\" name=\"s\" title=\"Search\" value=\"\">\n\t\t\t\t\t\t\t\t\t\t\t\t\t<button class=\"elementor-search-form__submit\" type=\"submit\" title=\"Search\" aria-label=\"Search\">\n\t\t\t\t\t\t\t\t\t\t\t\t\t<i aria-hidden=\"true\" class=\"fas fa-search\"><\/i>\t\t\t\t\t\t\t<span class=\"elementor-screen-only\">Search<\/span>\n\t\t\t\t\t\t\t\t\t\t\t<\/button>\n\t\t\t\t\t\t\t\t\t\t\t<\/div>\n\t\t<\/form>\n\t\t\t\t\t\t<\/div>\n\t\t\t\t<\/div>\n\t\t\t\t<div class=\"elementor-element elementor-element-3bae111 elementor-widget elementor-widget-spacer\" data-id=\"3bae111\" data-element_type=\"widget\" data-e-type=\"widget\" data-widget_type=\"spacer.default\">\n\t\t\t\t<div class=\"elementor-widget-container\">\n\t\t\t\t\t\t\t<div class=\"elementor-spacer\">\n\t\t\t<div class=\"elementor-spacer-inner\"><\/div>\n\t\t<\/div>\n\t\t\t\t\t\t<\/div>\n\t\t\t\t<\/div>\n\t\t\t\t<div class=\"elementor-element elementor-element-94f6f19 elementor-widget elementor-widget-heading\" data-id=\"94f6f19\" data-element_type=\"widget\" data-e-type=\"widget\" data-widget_type=\"heading.default\">\n\t\t\t\t<div class=\"elementor-widget-container\">\n\t\t\t\t\t<h3 class=\"elementor-heading-title elementor-size-default\">Posts recentes<\/h3>\t\t\t\t<\/div>\n\t\t\t\t<\/div>\n\t\t\t\t<div class=\"elementor-element elementor-element-2ef18c9 elementor-grid-1 elementor-posts--thumbnail-none elementor-grid-tablet-2 elementor-grid-mobile-1 elementor-widget elementor-widget-posts\" data-id=\"2ef18c9\" data-element_type=\"widget\" data-e-type=\"widget\" data-settings=\"{&quot;classic_columns&quot;:&quot;1&quot;,&quot;classic_row_gap&quot;:{&quot;unit&quot;:&quot;px&quot;,&quot;size&quot;:0,&quot;sizes&quot;:[]},&quot;classic_columns_tablet&quot;:&quot;2&quot;,&quot;classic_columns_mobile&quot;:&quot;1&quot;,&quot;classic_row_gap_tablet&quot;:{&quot;unit&quot;:&quot;px&quot;,&quot;size&quot;:&quot;&quot;,&quot;sizes&quot;:[]},&quot;classic_row_gap_mobile&quot;:{&quot;unit&quot;:&quot;px&quot;,&quot;size&quot;:&quot;&quot;,&quot;sizes&quot;:[]}}\" data-widget_type=\"posts.classic\">\n\t\t\t\t<div class=\"elementor-widget-container\">\n\t\t\t\t\t\t\t<div class=\"elementor-posts-container elementor-posts elementor-posts--skin-classic elementor-grid\">\n\t\t\t\t<article class=\"elementor-post elementor-grid-item post-6868 post type-post status-publish format-standard has-post-thumbnail hentry category-protecao-veicular tag-associacao tag-automobolismo tag-carroseletricos tag-cooperativa tag-seguroveicular tag-somatto tag-somattorj\">\n\t\t\t\t<div class=\"elementor-post__text\">\n\t\t\t\t<h3 class=\"elementor-post__title\">\n\t\t\t<a href=\"https:\/\/somatto.org.br\/?p=6868\" >\n\t\t\t\tComo os carros el\u00e9tricos v\u00e3o nos beneficiar no futuro\t\t\t<\/a>\n\t\t<\/h3>\n\t\t\t\t<div class=\"elementor-post__meta-data\">\n\t\t\t\t\t<span class=\"elementor-post-date\">\n\t\t\t10 de agosto de 2022\t\t<\/span>\n\t\t\t\t<\/div>\n\t\t\t\t<\/div>\n\t\t\t\t<\/article>\n\t\t\t\t<article class=\"elementor-post elementor-grid-item post-6865 post type-post status-publish format-standard has-post-thumbnail hentry category-protecao-veicular tag-associacao tag-associacaodeprotecaoveicular tag-cooperativa tag-dicas tag-seguroveicular tag-somatto tag-somattorj\">\n\t\t\t\t<div class=\"elementor-post__text\">\n\t\t\t\t<h3 class=\"elementor-post__title\">\n\t\t\t<a href=\"https:\/\/somatto.org.br\/?p=6865\" >\n\t\t\t\tDicas para ser um bom motorista\t\t\t<\/a>\n\t\t<\/h3>\n\t\t\t\t<div class=\"elementor-post__meta-data\">\n\t\t\t\t\t<span class=\"elementor-post-date\">\n\t\t\t10 de agosto de 2022\t\t<\/span>\n\t\t\t\t<\/div>\n\t\t\t\t<\/div>\n\t\t\t\t<\/article>\n\t\t\t\t<article class=\"elementor-post elementor-grid-item post-6859 post type-post status-publish format-standard has-post-thumbnail hentry category-protecao-veicular tag-carro tag-dicasparamotoristas tag-primeirocarro tag-protecaoveicular tag-somatto tag-somattoprotecaoveicular tag-somattorj\">\n\t\t\t\t<div class=\"elementor-post__text\">\n\t\t\t\t<h3 class=\"elementor-post__title\">\n\t\t\t<a href=\"https:\/\/somatto.org.br\/?p=6859\" >\n\t\t\t\tPrimeiro carro: o que devo saber antes de comprar?\t\t\t<\/a>\n\t\t<\/h3>\n\t\t\t\t<div class=\"elementor-post__meta-data\">\n\t\t\t\t\t<span class=\"elementor-post-date\">\n\t\t\t7 de julho de 2022\t\t<\/span>\n\t\t\t\t<\/div>\n\t\t\t\t<\/div>\n\t\t\t\t<\/article>\n\t\t\t\t<\/div>\n\n\n\t\t\n\t\t\t\t\t\t<\/div>\n\t\t\t\t<\/div>\n\t\t\t\t<div class=\"elementor-element elementor-element-bdc7700 elementor-widget elementor-widget-spacer\" data-id=\"bdc7700\" data-element_type=\"widget\" data-e-type=\"widget\" data-widget_type=\"spacer.default\">\n\t\t\t\t<div class=\"elementor-widget-container\">\n\t\t\t\t\t\t\t<div class=\"elementor-spacer\">\n\t\t\t<div class=\"elementor-spacer-inner\"><\/div>\n\t\t<\/div>\n\t\t\t\t\t\t<\/div>\n\t\t\t\t<\/div>\n\t\t\t\t<div class=\"elementor-element elementor-element-21031b8 elementor-widget elementor-widget-wp-widget-categories\" data-id=\"21031b8\" data-element_type=\"widget\" data-e-type=\"widget\" data-widget_type=\"wp-widget-categories.default\">\n\t\t\t\t<div class=\"elementor-widget-container\">\n\t\t\t\t\t<h5>Categorias<\/h5>\n\t\t\t<ul>\n\t\t\t\t\t<li class=\"cat-item cat-item-233\"><a href=\"https:\/\/somatto.org.br\/?cat=233\">Assist\u00eancia funeral<\/a>\n<\/li>\n\t<li class=\"cat-item cat-item-239\"><a href=\"https:\/\/somatto.org.br\/?cat=239\">Assist\u00eancia Residencial<\/a>\n<\/li>\n\t<li class=\"cat-item cat-item-213\"><a href=\"https:\/\/somatto.org.br\/?cat=213\">Monitoramento<\/a>\n<\/li>\n\t<li class=\"cat-item cat-item-225\"><a href=\"https:\/\/somatto.org.br\/?cat=225\">Motoristas de aplicativo<\/a>\n<\/li>\n\t<li class=\"cat-item cat-item-216\"><a href=\"https:\/\/somatto.org.br\/?cat=216\">Prote\u00e7\u00e3o veicular<\/a>\n<\/li>\n\t<li class=\"cat-item cat-item-212\"><a href=\"https:\/\/somatto.org.br\/?cat=212\">Rastreamento automotivo<\/a>\n<\/li>\n\t<li class=\"cat-item cat-item-229\"><a href=\"https:\/\/somatto.org.br\/?cat=229\">Seguran\u00e7a<\/a>\n<\/li>\n\t\t\t<\/ul>\n\n\t\t\t\t\t\t\t<\/div>\n\t\t\t\t<\/div>\n\t\t\t\t<div class=\"elementor-element elementor-element-718c2db elementor-widget elementor-widget-spacer\" data-id=\"718c2db\" data-element_type=\"widget\" data-e-type=\"widget\" data-widget_type=\"spacer.default\">\n\t\t\t\t<div class=\"elementor-widget-container\">\n\t\t\t\t\t\t\t<div class=\"elementor-spacer\">\n\t\t\t<div class=\"elementor-spacer-inner\"><\/div>\n\t\t<\/div>\n\t\t\t\t\t\t<\/div>\n\t\t\t\t<\/div>\n\t\t\t\t<div class=\"elementor-element elementor-element-8646793 elementor-widget elementor-widget-wp-widget-tag_cloud\" data-id=\"8646793\" data-element_type=\"widget\" data-e-type=\"widget\" data-widget_type=\"wp-widget-tag_cloud.default\">\n\t\t\t\t<div class=\"elementor-widget-container\">\n\t\t\t\t\t<h5>Tags<\/h5><div class=\"tagcloud\"><a href=\"https:\/\/somatto.org.br\/?tag=acidentenaestrada\" class=\"tag-cloud-link tag-link-235 tag-link-position-1\" style=\"font-size: 14px;\">acidentenaestrada<\/a>\n<a href=\"https:\/\/somatto.org.br\/?tag=assistenciaresidencial\" class=\"tag-cloud-link tag-link-240 tag-link-position-2\" style=\"font-size: 14px;\">assistenciaresidencial<\/a>\n<a href=\"https:\/\/somatto.org.br\/?tag=assistencia\" class=\"tag-cloud-link tag-link-242 tag-link-position-3\" style=\"font-size: 14px;\">assist\u00eancia<\/a>\n<a href=\"https:\/\/somatto.org.br\/?tag=assistencia-funeral\" class=\"tag-cloud-link tag-link-234 tag-link-position-4\" style=\"font-size: 14px;\">Assist\u00eancia funeral<\/a>\n<a href=\"https:\/\/somatto.org.br\/?tag=assistencia-personalizada\" class=\"tag-cloud-link tag-link-209 tag-link-position-5\" style=\"font-size: 14px;\">Assist\u00eancia personalizada<\/a>\n<a href=\"https:\/\/somatto.org.br\/?tag=associacao\" class=\"tag-cloud-link tag-link-247 tag-link-position-6\" style=\"font-size: 14px;\">associacao<\/a>\n<a href=\"https:\/\/somatto.org.br\/?tag=associacaodeprotecaoveicular\" class=\"tag-cloud-link tag-link-248 tag-link-position-7\" style=\"font-size: 14px;\">associacaodeprotecaoveicular<\/a>\n<a href=\"https:\/\/somatto.org.br\/?tag=automobolismo\" class=\"tag-cloud-link tag-link-253 tag-link-position-8\" style=\"font-size: 14px;\">automobolismo<\/a>\n<a href=\"https:\/\/somatto.org.br\/?tag=beneficios\" class=\"tag-cloud-link tag-link-231 tag-link-position-9\" style=\"font-size: 14px;\">benef\u00edcios<\/a>\n<a href=\"https:\/\/somatto.org.br\/?tag=carro\" class=\"tag-cloud-link tag-link-219 tag-link-position-10\" style=\"font-size: 14px;\">carro<\/a>\n<a href=\"https:\/\/somatto.org.br\/?tag=carroseletricos\" class=\"tag-cloud-link tag-link-252 tag-link-position-11\" style=\"font-size: 14px;\">carrosel\u00e9tricos<\/a>\n<a href=\"https:\/\/somatto.org.br\/?tag=casa\" class=\"tag-cloud-link tag-link-246 tag-link-position-12\" style=\"font-size: 14px;\">casa<\/a>\n<a href=\"https:\/\/somatto.org.br\/?tag=chaveiro\" class=\"tag-cloud-link tag-link-243 tag-link-position-13\" style=\"font-size: 14px;\">chaveiro<\/a>\n<a href=\"https:\/\/somatto.org.br\/?tag=cooperativa\" class=\"tag-cloud-link tag-link-249 tag-link-position-14\" style=\"font-size: 14px;\">cooperativa<\/a>\n<a href=\"https:\/\/somatto.org.br\/?tag=detran\" class=\"tag-cloud-link tag-link-238 tag-link-position-15\" style=\"font-size: 14px;\">Detran<\/a>\n<a href=\"https:\/\/somatto.org.br\/?tag=dicas\" class=\"tag-cloud-link tag-link-228 tag-link-position-16\" style=\"font-size: 14px;\">dicas<\/a>\n<a href=\"https:\/\/somatto.org.br\/?tag=dicashabilitacao\" class=\"tag-cloud-link tag-link-237 tag-link-position-17\" style=\"font-size: 14px;\">dicashabilitacao<\/a>\n<a href=\"https:\/\/somatto.org.br\/?tag=dicasparamotoristas\" class=\"tag-cloud-link tag-link-251 tag-link-position-18\" style=\"font-size: 14px;\">dicasparamotoristas<\/a>\n<a href=\"https:\/\/somatto.org.br\/?tag=eletricista\" class=\"tag-cloud-link tag-link-244 tag-link-position-19\" style=\"font-size: 14px;\">eletricista<\/a>\n<a href=\"https:\/\/somatto.org.br\/?tag=encanador\" class=\"tag-cloud-link tag-link-245 tag-link-position-20\" style=\"font-size: 14px;\">encanador<\/a>\n<a href=\"https:\/\/somatto.org.br\/?tag=habilitacao\" class=\"tag-cloud-link tag-link-236 tag-link-position-21\" style=\"font-size: 14px;\">habilita\u00e7\u00e3o<\/a>\n<a href=\"https:\/\/somatto.org.br\/?tag=motoristas\" class=\"tag-cloud-link tag-link-227 tag-link-position-22\" style=\"font-size: 14px;\">motoristas<\/a>\n<a href=\"https:\/\/somatto.org.br\/?tag=motoristasdeaplicativos\" class=\"tag-cloud-link tag-link-226 tag-link-position-23\" style=\"font-size: 14px;\">motoristasdeaplicativos<\/a>\n<a href=\"https:\/\/somatto.org.br\/?tag=primeirocarro\" class=\"tag-cloud-link tag-link-250 tag-link-position-24\" style=\"font-size: 14px;\">primeirocarro<\/a>\n<a href=\"https:\/\/somatto.org.br\/?tag=protecao24h\" class=\"tag-cloud-link tag-link-241 tag-link-position-25\" style=\"font-size: 14px;\">protecao24h<\/a>\n<a href=\"https:\/\/somatto.org.br\/?tag=protecaoveicular\" class=\"tag-cloud-link tag-link-221 tag-link-position-26\" style=\"font-size: 14px;\">protecaoveicular<\/a>\n<a href=\"https:\/\/somatto.org.br\/?tag=protecao-veicular\" class=\"tag-cloud-link tag-link-214 tag-link-position-27\" style=\"font-size: 14px;\">Prote\u00e7\u00e3o veicular<\/a>\n<a href=\"https:\/\/somatto.org.br\/?tag=rastreamento\" class=\"tag-cloud-link tag-link-215 tag-link-position-28\" style=\"font-size: 14px;\">Rastreamento<\/a>\n<a href=\"https:\/\/somatto.org.br\/?tag=rastreamento-automotivo\" class=\"tag-cloud-link tag-link-206 tag-link-position-29\" style=\"font-size: 14px;\">Rastreamento automotivo<\/a>\n<a href=\"https:\/\/somatto.org.br\/?tag=roubarammeucarro\" class=\"tag-cloud-link tag-link-218 tag-link-position-30\" style=\"font-size: 14px;\">roubarammeucarro<\/a>\n<a href=\"https:\/\/somatto.org.br\/?tag=roubodecarro\" class=\"tag-cloud-link tag-link-217 tag-link-position-31\" style=\"font-size: 14px;\">roubodecarro<\/a>\n<a href=\"https:\/\/somatto.org.br\/?tag=seguranca\" class=\"tag-cloud-link tag-link-232 tag-link-position-32\" style=\"font-size: 14px;\">Seguran\u00e7a<\/a>\n<a href=\"https:\/\/somatto.org.br\/?tag=seguroautomotivo\" class=\"tag-cloud-link tag-link-230 tag-link-position-33\" style=\"font-size: 14px;\">seguroautomotivo<\/a>\n<a href=\"https:\/\/somatto.org.br\/?tag=seguroveicular\" class=\"tag-cloud-link tag-link-220 tag-link-position-34\" style=\"font-size: 14px;\">seguroveicular<\/a>\n<a href=\"https:\/\/somatto.org.br\/?tag=somatto\" class=\"tag-cloud-link tag-link-222 tag-link-position-35\" style=\"font-size: 14px;\">somatto<\/a>\n<a href=\"https:\/\/somatto.org.br\/?tag=somattoprotecaoveicular\" class=\"tag-cloud-link tag-link-224 tag-link-position-36\" style=\"font-size: 14px;\">somattoprotecaoveicular<\/a>\n<a href=\"https:\/\/somatto.org.br\/?tag=somattorj\" class=\"tag-cloud-link tag-link-223 tag-link-position-37\" style=\"font-size: 14px;\">somattorj<\/a><\/div>\n\t\t\t\t<\/div>\n\t\t\t\t<\/div>\n\t\t\t\t\t<\/div>\n\t\t<\/div>\n\t\t\t\t\t<\/div>\n\t\t<\/section>\n\t\t\t\t<\/div>\n\t\t","protected":false},"excerpt":{"rendered":"<p>Posts recentes<\/p>\n","protected":false},"author":1,"featured_media":0,"parent":0,"menu_order":0,"comment_status":"closed","ping_status":"closed","template":"","meta":{"_joinchat":[],"footnotes":""},"class_list":["post-241","page","type-page","status-publish","hentry"],"aioseo_notices":[],"_links":{"self":[{"href":"https:\/\/somatto.org.br\/index.php?rest_route=\/wp\/v2\/pages\/241","targetHints":{"allow":["GET"]}}],"collection":[{"href":"https:\/\/somatto.org.br\/index.php?rest_route=\/wp\/v2\/pages"}],"about":[{"href":"https:\/\/somatto.org.br\/index.php?rest_route=\/wp\/v2\/types\/page"}],"author":[{"embeddable":true,"href":"https:\/\/somatto.org.br\/index.php?rest_route=\/wp\/v2\/users\/1"}],"replies":[{"embeddable":true,"href":"https:\/\/somatto.org.br\/index.php?rest_route=%2Fwp%2Fv2%2Fcomments&post=241"}],"version-history":[{"count":39,"href":"https:\/\/somatto.org.br\/index.php?rest_route=\/wp\/v2\/pages\/241\/revisions"}],"predecessor-version":[{"id":6257,"href":"https:\/\/somatto.org.br\/index.php?rest_route=\/wp\/v2\/pages\/241\/revisions\/6257"}],"wp:attachment":[{"href":"https:\/\/somatto.org.br\/index.php?rest_route=%2Fwp%2Fv2%2Fmedia&parent=241"}],"curies":[{"name":"wp","href":"https:\/\/api.w.org\/{rel}","templated":true}]}}